{"id":329,"date":"2020-01-30T14:42:48","date_gmt":"2020-01-30T13:42:48","guid":{"rendered":"http:\/\/fabricemukuna.com\/?page_id=329"},"modified":"2022-04-30T13:31:30","modified_gmt":"2022-04-30T11:31:30","slug":"le-groupe","status":"publish","type":"page","link":"https:\/\/fabricemukuna.com\/index.php\/le-groupe\/","title":{"rendered":"Le groupe"},"content":{"rendered":"<div class=\"wpb-content-wrapper\">[vc_row][vc_column][vc_empty_space height=\u00a0\u00bb52px\u00a0\u00bb][\/vc_column][\/vc_row][vc_row][vc_column][vc_column_text css=\u00a0\u00bb.vc_custom_1651318286471{margin-bottom: 0px !important;}\u00a0\u00bb]<strong>Bio du groupe<\/strong><\/p>\n<p>Fabrice, d\u2019origine congolaise, est auteur compositeur, saxophoniste, chanteur, et \u00e0 la base percussionniste et chef de ch\u0153ur gospel. Ses compositions offrent un style tr\u00e8s original et unique avec une musique influenc\u00e9e par ses origines congolaises, le jazz belge et la musique sud-am\u00e9ricaine.<\/p>\n<p>En janvier 2018 Fabrice cr\u00e9e le Fabrice Mukuna band qui au d\u00e9part est compos\u00e9 de 6 musiciens et en 2020 il y ajoute 3 souffleurs,(trompette, trombone et saxophone t\u00e9nor).<\/p>\n<p>Ils sont laur\u00e9ats du concours Matonge Sound 2020 (Muziekpublique) et ont enregistr\u00e9 Sa\u00ef Sa\u00ef un single live \u00e0 l&rsquo;Ancienne Belgique en 2020. Ils ont jou\u00e9 \u00e0 Bozar pour l&rsquo;ind\u00e9pendance du Congo. Le groupe joue de la worldmusic, afrojazz, jazz fusion, funk, latino, rumba&#8230;<br \/>\nIls ont sorti un EP en janvier 2020 et vont prochainement sortir un album; le projet s\u2019appelle Bokoko Africa.<\/p>\n<p>Ils jouent les compositions originales de Fabrice sur les sc\u00e8nes belges (Bozar, Th\u00e9\u00e2tre La Balsamine, Festival Afrodisiac, Halles de Schaerbeek, Halles St G\u00e9ry, Music Village, Kioske de Schaerbeek&#8230;). Ils nous proposent un concert festif et familial&#8230;<\/p>\n<p>La devise du groupe est:\u00a0&lsquo;Ticket rembours\u00e9 si vous ne dansez pas&#8230;\u00a0\u00bb<\/p>\n<p>Le groupe de base compte 6 \u00e0 9 musiciens (avec les souffleurs)<br \/>\n<span style=\"color: #ff0000;\"><strong>Fabrice Mukuna<\/strong> <\/span>saxophoniste, chanteur, percussionniste<br \/>\n<span style=\"color: #ff0000;\"><strong>Gonzalo Rodriguez<\/strong><\/span> guitariste d\u2019origine espagnole<br \/>\n<span style=\"color: #ff0000;\"><strong>Humbert Gonzalez<\/strong>\u00a0<\/span>bassiste cubain<br \/>\n<span style=\"color: #ff0000;\"><strong>David Ramos<\/strong><\/span> pianiste cubain<br \/>\n<span style=\"color: #ff0000;\"><strong>Ben Tequi\u00a0<\/strong><\/span>batteur parisien<br \/>\n<span style=\"color: #ff0000;\"><b>Leonid Mu\u00f1oz<\/b><\/span> percussionniste cubain<br \/>\n3 souffleurs<br \/>\n<b><span style=\"color: #ff0000;\">Ruben Hernandez<\/span>\u00a0<\/b>trompettiste cubain<br \/>\n<b><span style=\"color: #ff0000;\">Maayan Smith<\/span>\u00a0<\/b>saxophoniste tenor Isra\u00eblien<br \/>\n<span style=\"color: #ff0000;\"><strong>Nathan S<\/strong><b>urquin<\/b><\/span>\u00a0tromboniste belge<\/p>\n<p>Titres des morceaux de l\u2019EP<br \/>\nMaria Rosa<br \/>\nSawamba<br \/>\nMbonge<br \/>\nMamborena<\/p>\n<p>Single (sortie 2020)<br \/>\nSai Sa\u00ef<\/p>\n<p>Single (sortie 2021)<br \/>\nRemix Sai Sa\u00ef[\/vc_column_text][\/vc_column][\/vc_row]\n<\/div>","protected":false},"excerpt":{"rendered":"<p>[vc_row][vc_column][vc_empty_space height=\u00a0\u00bb52px\u00a0\u00bb][\/vc_column][\/vc_row][vc_row][vc_column][vc_column_text css=\u00a0\u00bb.vc_custom_1651318286471{margin-bottom: 0px !important;}\u00a0\u00bb]Bio du groupe Fabrice, d\u2019origine congolaise, est auteur compositeur, saxophoniste, chanteur, et \u00e0 la base percussionniste et chef de ch\u0153ur gospel. Ses compositions offrent un style tr\u00e8s original et unique avec une musique influenc\u00e9e par ses origines congolaises, le jazz belge et la musique sud-am\u00e9ricaine. En janvier 2018 Fabrice cr\u00e9e le [&hellip;]<\/p>\n","protected":false},"author":1,"featured_media":0,"parent":0,"menu_order":0,"comment_status":"closed","ping_status":"closed","template":"","meta":{"footnotes":""},"_links":{"self":[{"href":"https:\/\/fabricemukuna.com\/index.php\/wp-json\/wp\/v2\/pages\/329"}],"collection":[{"href":"https:\/\/fabricemukuna.com\/index.php\/wp-json\/wp\/v2\/pages"}],"about":[{"href":"https:\/\/fabricemukuna.com\/index.php\/wp-json\/wp\/v2\/types\/page"}],"author":[{"embeddable":true,"href":"https:\/\/fabricemukuna.com\/index.php\/wp-json\/wp\/v2\/users\/1"}],"replies":[{"embeddable":true,"href":"https:\/\/fabricemukuna.com\/index.php\/wp-json\/wp\/v2\/comments?post=329"}],"version-history":[{"count":10,"href":"https:\/\/fabricemukuna.com\/index.php\/wp-json\/wp\/v2\/pages\/329\/revisions"}],"predecessor-version":[{"id":954,"href":"https:\/\/fabricemukuna.com\/index.php\/wp-json\/wp\/v2\/pages\/329\/revisions\/954"}],"wp:attachment":[{"href":"https:\/\/fabricemukuna.com\/index.php\/wp-json\/wp\/v2\/media?parent=329"}],"curies":[{"name":"wp","href":"https:\/\/api.w.org\/{rel}","templated":true}]}}